{"id":1481,"date":"2021-11-04T11:45:08","date_gmt":"2021-11-04T11:45:08","guid":{"rendered":"https:\/\/foxiz.themeruby.com\/default\/?page_id=1481"},"modified":"2022-07-12T10:48:35","modified_gmt":"2022-07-12T10:48:35","slug":"contact","status":"publish","type":"page","link":"https:\/\/corpsdiplomaticnews.tg\/index.php\/contact\/","title":{"rendered":"Contact"},"content":{"rendered":"\t\t<div data-elementor-type=\"wp-page\" data-elementor-id=\"1481\" class=\"elementor elementor-1481\">\n\t\t\t\t\t\t<section class=\"elementor-section elementor-top-section elementor-element elementor-element-caffc90 elementor-section-boxed elementor-section-height-default elementor-section-height-default\" data-id=\"caffc90\" data-element_type=\"section\" data-e-type=\"section\">\n\t\t\t\t\t\t<div class=\"elementor-container elementor-column-gap-custom\">\n\t\t\t\t\t<div class=\"elementor-column elementor-col-100 elementor-top-column elementor-element elementor-element-93fc17a\" data-id=\"93fc17a\" data-element_type=\"column\" data-e-type=\"column\">\n\t\t\t<div class=\"elementor-widget-wrap elementor-element-populated\">\n\t\t\t\t\t\t<div class=\"elementor-element elementor-element-25c3c22 elementor-widget elementor-widget-foxiz-heading\" data-id=\"25c3c22\" data-element_type=\"widget\" data-e-type=\"widget\" data-widget_type=\"foxiz-heading.default\">\n\t\t\t\t<div class=\"elementor-widget-container\">\n\t\t\t\t\t<div id=\"uid_25c3c22\" class=\"block-h heading-layout-c10\"><div class=\"heading-inner\"><h1 class=\"heading-title\"><span>Contact<\/span><\/h1><\/div><\/div>\t\t\t\t<\/div>\n\t\t\t\t<\/div>\n\t\t\t\t<div class=\"elementor-element elementor-element-139a109 elementor-widget elementor-widget-image\" data-id=\"139a109\" data-element_type=\"widget\" data-e-type=\"widget\" data-widget_type=\"image.default\">\n\t\t\t\t<div class=\"elementor-widget-container\">\n\t\t\t\t\t\t\t\t\t\t\t\t\t\t\t\t<a href=\"https:\/\/www.google.com\/maps\/@6.1807477,1.2393004,17z\" target=\"_blank\" rel=\"nofollow\">\n\t\t\t\t\t\t\t<img loading=\"lazy\" loading=\"lazy\" decoding=\"async\" width=\"1395\" height=\"399\" src=\"https:\/\/corpsdiplomaticnews.tg\/wp-content\/uploads\/2022\/07\/map-corpsdip.jpg\" class=\"attachment-full size-full wp-image-2465\" alt=\"Adresse Corps Diplomatiqu\" srcset=\"https:\/\/corpsdiplomaticnews.tg\/wp-content\/uploads\/2022\/07\/map-corpsdip.jpg 1395w, https:\/\/corpsdiplomaticnews.tg\/wp-content\/uploads\/2022\/07\/map-corpsdip-300x86.jpg 300w, https:\/\/corpsdiplomaticnews.tg\/wp-content\/uploads\/2022\/07\/map-corpsdip-1024x293.jpg 1024w, https:\/\/corpsdiplomaticnews.tg\/wp-content\/uploads\/2022\/07\/map-corpsdip-768x220.jpg 768w, https:\/\/corpsdiplomaticnews.tg\/wp-content\/uploads\/2022\/07\/map-corpsdip-860x246.jpg 860w\" sizes=\"auto, (max-width: 1395px) 100vw, 1395px\" \/>\t\t\t\t\t\t\t\t<\/a>\n\t\t\t\t\t\t\t\t\t\t\t\t\t\t\t<\/div>\n\t\t\t\t<\/div>\n\t\t\t\t\t<\/div>\n\t\t<\/div>\n\t\t\t\t\t<\/div>\n\t\t<\/section>\n\t\t\t\t<section class=\"elementor-section elementor-top-section elementor-element elementor-element-6ba5260 elementor-section-boxed elementor-section-height-default elementor-section-height-default\" data-id=\"6ba5260\" data-element_type=\"section\" data-e-type=\"section\">\n\t\t\t\t\t\t<div class=\"elementor-container elementor-column-gap-custom\">\n\t\t\t\t\t<div class=\"elementor-column elementor-col-66 elementor-top-column elementor-element elementor-element-ffe814a\" data-id=\"ffe814a\" data-element_type=\"column\" data-e-type=\"column\">\n\t\t\t<div class=\"elementor-widget-wrap elementor-element-populated\">\n\t\t\t\t\t\t<div class=\"elementor-element elementor-element-5399611 elementor-widget elementor-widget-html\" data-id=\"5399611\" data-element_type=\"widget\" data-e-type=\"widget\" data-widget_type=\"html.default\">\n\t\t\t\t<div class=\"elementor-widget-container\">\n\t\t\t\t\t<h3>Qui sommes-nous<\/h3>\n<p style=\"margin-top: 15px;font-size: 14px;font-style: italic\">Corps Diplomatique  est  une Agence priv\u00e9e  de  presse et de communication  bas\u00e9e \u00e0 Lom\u00e9 au Togo en Afrique de l\u2019Ouest.  Sur notre site, les informations  sont publi\u00e9es en fran\u00e7ais et en anglais. \nCorps Diplomatique est au service de la diplomatie mondiale. A cet effet, il  traite les informations li\u00e9es \u00e0 la diplomatie, la coop\u00e9ration, l\u2019environnement et les ODD,  la culture, l\u2019\u00e9conomie, les finances,   bref  le  monde des affaires. \nCorps Diplomatique, c\u2019est une \u00e9quipe de jeunes journalistes dynamiques  au service des actualit\u00e9s du  monde  24 heures\/24,  7jours\/7. \nLe service  commercial  est  joignable au +228 92 41 16 66  ou par email: contact@corpsdiplomatique.tg \n\n\n<\/p>\t\t\t\t<\/div>\n\t\t\t\t<\/div>\n\t\t\t\t<div class=\"elementor-element elementor-element-3125def elementor-widget elementor-widget-shortcode\" data-id=\"3125def\" data-element_type=\"widget\" data-e-type=\"widget\" data-widget_type=\"shortcode.default\">\n\t\t\t\t<div class=\"elementor-widget-container\">\n\t\t\t\t\t\t\t<div class=\"elementor-shortcode\">[contact-form-7 id=\"2055\" title=\"Nous \u00e9crire\"]<\/div>\n\t\t\t\t\t\t<\/div>\n\t\t\t\t<\/div>\n\t\t\t\t\t<\/div>\n\t\t<\/div>\n\t\t\t\t<div class=\"elementor-column elementor-col-33 elementor-top-column elementor-element elementor-element-75972dc\" data-id=\"75972dc\" data-element_type=\"column\" data-e-type=\"column\">\n\t\t\t<div class=\"elementor-widget-wrap elementor-element-populated\">\n\t\t\t\t\t\t<div class=\"elementor-element elementor-element-d8ea50d elementor-widget elementor-widget-foxiz-heading\" data-id=\"d8ea50d\" data-element_type=\"widget\" data-e-type=\"widget\" data-widget_type=\"foxiz-heading.default\">\n\t\t\t\t<div class=\"elementor-widget-container\">\n\t\t\t\t\t<div id=\"uid_d8ea50d\" class=\"block-h heading-layout-12\"><div class=\"heading-inner\"><h3 class=\"heading-title\"><span>Nos r\u00e9seaux sociaux<\/span><\/h3><\/div><\/div>\t\t\t\t<\/div>\n\t\t\t\t<\/div>\n\t\t\t\t<div class=\"elementor-element elementor-element-dac63df elementor-widget elementor-widget-wp-widget-widget-follower\" data-id=\"dac63df\" data-element_type=\"widget\" data-e-type=\"widget\" data-widget_type=\"wp-widget-widget-follower.default\">\n\t\t\t\t<div class=\"elementor-widget-container\">\n\t\t\t\t\t\t\t<div class=\"sb-social-counter fncount-wrap is-style-15\">\n\t\t\t<div class=\"social-follower effect-fadeout\">\n\t\t\t\t\t\t\t\t\t<div class=\"follower-el bg-facebook\">\n\t\t\t\t\t\t<a target=\"_blank\" href=\"https:\/\/facebook.com\/envato\" class=\"facebook\" title=\"Facebook\" rel=\"noopener nofollow\"><\/a>\n\t\t\t\t\t\t<span class=\"follower-inner h6\">\n                                <span class=\"fnicon\"><i class=\"rbi rbi-facebook\"><\/i><\/span>\n                                \t                                <span class=\"fnlabel\">Facebook<\/span>\n\t                                <span class=\"text-count\">Like<\/span>\n                                                            <\/span>\n\t\t\t\t\t<\/div>\n\t\t\t\t\t\t\t\t\t<div class=\"follower-el bg-twitter\">\n\t\t\t\t\t\t<a target=\"_blank\" href=\"https:\/\/twitter.com\/envato\" class=\"twitter\" title=\"Twitter\" rel=\"noopener nofollow\"><\/a>\n\t\t\t\t\t\t<span class=\"follower-inner h6\">\n                                <span class=\"fnicon\"><i class=\"rbi rbi-twitter\"><\/i><\/span>\n                                \t                                <span class=\"fnlabel\">Twitter<\/span>\n\t                                <span class=\"text-count\">Follow<\/span>\n                                                            <\/span>\n\t\t\t\t\t<\/div>\n\t\t\t\t\t\t\t\t\t<div class=\"follower-el bg-pinterest\">\n\t\t\t\t\t\t<a target=\"_blank\" href=\"https:\/\/pinterest.com\/envato\" class=\"pinterest\" title=\"Pinterest\" rel=\"noopener nofollow\"><\/a>\n\t\t\t\t\t\t<span class=\"follower-inner h6\">\n                                <span class=\"fnicon\"><i class=\"rbi rbi-pinterest\"><\/i><\/span>\n                                \t                                <span class=\"fnlabel\">Pinterest<\/span>\n\t                                <span class=\"text-count\">Pin<\/span>\n                                                            <\/span>\n\t\t\t\t\t<\/div>\n\t\t\t\t\t\t\t\t\t<div class=\"follower-el bg-instagram\">\n\t\t\t\t\t\t<a target=\"_blank\" href=\"https:\/\/instagram.com\/envato\" class=\"instagram\" title=\"Instagram\" rel=\"noopener nofollow\"><\/a>\n\t\t\t\t\t\t<span class=\"follower-inner h6\">\n                                <span class=\"fnicon\"><i class=\"rbi rbi-instagram\"><\/i><\/span>\n                                    \t                                    <span class=\"fnlabel\">Instagram<\/span>\n\t                                    <span class=\"text-count\">Follow<\/span>\n                                                                <\/span>\n\t\t\t\t\t<\/div>\n\t\t\t\t\t\t\t<\/div>\n\t\t<\/div>\n\t\t\t\t\t\t<\/div>\n\t\t\t\t<\/div>\n\t\t\t\t\t<\/div>\n\t\t<\/div>\n\t\t\t\t\t<\/div>\n\t\t<\/section>\n\t\t\t\t<\/div>\n\t\t","protected":false},"excerpt":{"rendered":"<p>Contact Qui sommes-nous Corps Diplomatique est une Agence priv\u00e9e de presse et de communication bas\u00e9e \u00e0 Lom\u00e9 au Togo en Afrique de l\u2019Ouest. Sur notre site, les informations sont publi\u00e9es en fran\u00e7ais et en anglais. Corps Diplomatique est au service de la diplomatie mondiale. A cet effet, il traite les informations li\u00e9es \u00e0 la diplomatie, [&hellip;]<\/p>\n","protected":false},"author":1,"featured_media":0,"parent":0,"menu_order":0,"comment_status":"closed","ping_status":"closed","template":"","meta":{"footnotes":""},"class_list":["post-1481","page","type-page","status-publish"],"_links":{"self":[{"href":"https:\/\/corpsdiplomaticnews.tg\/index.php\/wp-json\/wp\/v2\/pages\/1481","targetHints":{"allow":["GET"]}}],"collection":[{"href":"https:\/\/corpsdiplomaticnews.tg\/index.php\/wp-json\/wp\/v2\/pages"}],"about":[{"href":"https:\/\/corpsdiplomaticnews.tg\/index.php\/wp-json\/wp\/v2\/types\/page"}],"author":[{"embeddable":true,"href":"https:\/\/corpsdiplomaticnews.tg\/index.php\/wp-json\/wp\/v2\/users\/1"}],"replies":[{"embeddable":true,"href":"https:\/\/corpsdiplomaticnews.tg\/index.php\/wp-json\/wp\/v2\/comments?post=1481"}],"version-history":[{"count":21,"href":"https:\/\/corpsdiplomaticnews.tg\/index.php\/wp-json\/wp\/v2\/pages\/1481\/revisions"}],"predecessor-version":[{"id":2482,"href":"https:\/\/corpsdiplomaticnews.tg\/index.php\/wp-json\/wp\/v2\/pages\/1481\/revisions\/2482"}],"wp:attachment":[{"href":"https:\/\/corpsdiplomaticnews.tg\/index.php\/wp-json\/wp\/v2\/media?parent=1481"}],"curies":[{"name":"wp","href":"https:\/\/api.w.org\/{rel}","templated":true}]}}